{"id":22500,"date":"2023-01-24T11:42:14","date_gmt":"2023-01-24T09:42:14","guid":{"rendered":"https:\/\/pinska.ee\/avaleht\/"},"modified":"2025-11-11T14:58:57","modified_gmt":"2025-11-11T12:58:57","slug":"avaleht","status":"publish","type":"page","link":"https:\/\/pinska.ee\/fi\/","title":{"rendered":"Etusivu"},"content":{"rendered":"\t\t<div data-elementor-type=\"wp-page\" data-elementor-id=\"22500\" class=\"elementor elementor-22500 elementor-3283\" data-elementor-post-type=\"page\">\n\t\t\t\t\t\t<section class=\"elementor-section elementor-top-section elementor-element elementor-element-4894eca elementor-section-full_width elementor-section-height-min-height bg-inner-section elementor-section-items-stretch elementor-section-stretched elementor-section-height-default\" data-id=\"4894eca\" data-element_type=\"section\" data-e-type=\"section\" data-settings=\"{&quot;background_background&quot;:&quot;classic&quot;,&quot;stretch_section&quot;:&quot;section-stretched&quot;}\">\n\t\t\t\t\t\t\t<div class=\"elementor-background-overlay\"><\/div>\n\t\t\t\t\t\t\t<div class=\"elementor-container elementor-column-gap-default\">\n\t\t\t\t\t<div class=\"elementor-column elementor-col-100 elementor-top-column elementor-element elementor-element-ff306cf column-4\" data-id=\"ff306cf\" data-element_type=\"column\" data-e-type=\"column\">\n\t\t\t<div class=\"elementor-widget-wrap elementor-element-populated\">\n\t\t\t\t\t\t<div class=\"elementor-element elementor-element-41da16e elementor-widget elementor-widget-spacer\" data-id=\"41da16e\" data-element_type=\"widget\" data-e-type=\"widget\" data-widget_type=\"spacer.default\">\n\t\t\t\t<div class=\"elementor-widget-container\">\n\t\t\t\t\t\t\t<div class=\"elementor-spacer\">\n\t\t\t<div class=\"elementor-spacer-inner\"><\/div>\n\t\t<\/div>\n\t\t\t\t\t\t<\/div>\n\t\t\t\t<\/div>\n\t\t\t\t<div class=\"elementor-element elementor-element-a968982 img-box elementor-widget elementor-widget-image-box\" data-id=\"a968982\" data-element_type=\"widget\" data-e-type=\"widget\" data-widget_type=\"image-box.default\">\n\t\t\t\t<div class=\"elementor-widget-container\">\n\t\t\t\t\t<div class=\"elementor-image-box-wrapper\"><div class=\"elementor-image-box-content\"><h1 class=\"elementor-image-box-title\"><a href=\"https:\/\/pinska.ee\/fi\/liimapuu\/\">Liimapuu<\/a><\/h1><p class=\"elementor-image-box-description\"><a id=\"home\" class=\"link-underline\" href=\"https:\/\/pinska.ee\/fi\/liimapuu\/\">Liimapuu<\/a><\/p><\/div><\/div>\t\t\t\t<\/div>\n\t\t\t\t<\/div>\n\t\t\t\t<div class=\"elementor-element elementor-element-eb85400 elementor-widget__width-auto contact-btn elementor-widget elementor-widget-button\" data-id=\"eb85400\" data-element_type=\"widget\" data-e-type=\"widget\" data-widget_type=\"button.default\">\n\t\t\t\t<div class=\"elementor-widget-container\">\n\t\t\t\t\t\t\t\t\t<div class=\"elementor-button-wrapper\">\n\t\t\t\t\t<a class=\"elementor-button elementor-button-link elementor-size-sm\" href=\"https:\/\/pinska.ee\/fi\/liimapuu\/#yhteystiedot\">\n\t\t\t\t\t\t<span class=\"elementor-button-content-wrapper\">\n\t\t\t\t\t\t\t\t\t<span class=\"elementor-button-text\">Ota yhteytt\u00e4<\/span>\n\t\t\t\t\t<\/span>\n\t\t\t\t\t<\/a>\n\t\t\t\t<\/div>\n\t\t\t\t\t\t\t\t<\/div>\n\t\t\t\t<\/div>\n\t\t\t\t\t<\/div>\n\t\t<\/div>\n\t\t\t\t\t<\/div>\n\t\t<\/section>\n\t\t\t\t<\/div>\n\t\t","protected":false},"excerpt":{"rendered":"<p>Liimapuu Liimapuu Ota yhteytt\u00e4<\/p>\n","protected":false},"author":1,"featured_media":0,"parent":0,"menu_order":0,"comment_status":"closed","ping_status":"closed","template":"elementor_header_footer","meta":{"site-sidebar-layout":"no-sidebar","site-content-layout":"page-builder","ast-site-content-layout":"full-width-container","site-content-style":"unboxed","site-sidebar-style":"unboxed","ast-global-header-display":"","ast-banner-title-visibility":"","ast-main-header-display":"","ast-hfb-above-header-display":"","ast-hfb-below-header-display":"","ast-hfb-mobile-header-display":"","site-post-title":"disabled","ast-breadcrumbs-content":"","ast-featured-img":"disabled","footer-sml-layout":"disabled","ast-disable-related-posts":"","theme-transparent-header-meta":"","adv-header-id-meta":"","stick-header-meta":"","header-above-stick-meta":"","header-main-stick-meta":"","header-below-stick-meta":"","astra-migrate-meta-layouts":"set","ast-page-background-enabled":"default","ast-page-background-meta":{"desktop":{"background-color":"var(--ast-global-color-4)","background-image":"","background-repeat":"repeat","background-position":"center center","background-size":"auto","background-attachment":"scroll","background-type":"","background-media":"","overlay-type":"","overlay-color":"","overlay-opacity":"","overlay-gradient":""},"tablet":{"background-color":"","background-image":"","background-repeat":"repeat","background-position":"center center","background-size":"auto","background-attachment":"scroll","background-type":"","background-media":"","overlay-type":"","overlay-color":"","overlay-opacity":"","overlay-gradient":""},"mobile":{"background-color":"","background-image":"","background-repeat":"repeat","background-position":"center center","background-size":"auto","background-attachment":"scroll","background-type":"","background-media":"","overlay-type":"","overlay-color":"","overlay-opacity":"","overlay-gradient":""}},"ast-content-background-meta":{"desktop":{"background-color":"var(--ast-global-color-5)","background-image":"","background-repeat":"repeat","background-position":"center center","background-size":"auto","background-attachment":"scroll","background-type":"","background-media":"","overlay-type":"","overlay-color":"","overlay-opacity":"","overlay-gradient":""},"tablet":{"background-color":"var(--ast-global-color-5)","background-image":"","background-repeat":"repeat","background-position":"center center","background-size":"auto","background-attachment":"scroll","background-type":"","background-media":"","overlay-type":"","overlay-color":"","overlay-opacity":"","overlay-gradient":""},"mobile":{"background-color":"var(--ast-global-color-5)","background-image":"","background-repeat":"repeat","background-position":"center center","background-size":"auto","background-attachment":"scroll","background-type":"","background-media":"","overlay-type":"","overlay-color":"","overlay-opacity":"","overlay-gradient":""}},"footnotes":""},"class_list":["post-22500","page","type-page","status-publish","hentry"],"yoast_head":"<!-- This site is optimized with the Yoast SEO plugin v27.3 - https:\/\/yoast.com\/product\/yoast-seo-wordpress\/ -->\n<title>PINSKA - Avaleht<\/title>\n<meta name=\"description\" content=\"1999. aastal asutatud puidufirma mille eesm\u00e4rk on puidu edasine v\u00e4\u00e4ristamine. Toodame saematerjali, h\u00f6\u00f6velmaterjali, liimpuitu, katuseferme ja elementmaju.\" \/>\n<meta name=\"robots\" content=\"index, follow, max-snippet:-1, max-image-preview:large, max-video-preview:-1\" \/>\n<link rel=\"canonical\" href=\"https:\/\/pinska.ee\/fi\/\" \/>\n<meta property=\"og:locale\" content=\"fi_FI\" \/>\n<meta property=\"og:type\" content=\"article\" \/>\n<meta property=\"og:title\" content=\"PINSKA - Avaleht\" \/>\n<meta property=\"og:description\" content=\"1999. aastal asutatud puidufirma mille eesm\u00e4rk on puidu edasine v\u00e4\u00e4ristamine. Toodame saematerjali, h\u00f6\u00f6velmaterjali, liimpuitu, katuseferme ja elementmaju.\" \/>\n<meta property=\"og:url\" content=\"https:\/\/pinska.ee\/fi\/\" \/>\n<meta property=\"og:site_name\" content=\"PINSKA\" \/>\n<meta property=\"article:publisher\" content=\"https:\/\/www.facebook.com\/Pinskatootmine\/\" \/>\n<meta property=\"article:modified_time\" content=\"2025-11-11T12:58:57+00:00\" \/>\n<meta name=\"twitter:card\" content=\"summary_large_image\" \/>\n<meta name=\"twitter:label1\" content=\"Arvioitu lukuaika\" \/>\n\t<meta name=\"twitter:data1\" content=\"1 minuutti\" \/>\n<script type=\"application\/ld+json\" class=\"yoast-schema-graph\">{\"@context\":\"https:\\\/\\\/schema.org\",\"@graph\":[{\"@type\":\"WebPage\",\"@id\":\"https:\\\/\\\/pinska.ee\\\/fi\\\/\",\"url\":\"https:\\\/\\\/pinska.ee\\\/fi\\\/\",\"name\":\"PINSKA - Avaleht\",\"isPartOf\":{\"@id\":\"https:\\\/\\\/pinska.ee\\\/fi\\\/#website\"},\"datePublished\":\"2023-01-24T09:42:14+00:00\",\"dateModified\":\"2025-11-11T12:58:57+00:00\",\"description\":\"1999. aastal asutatud puidufirma mille eesm\u00e4rk on puidu edasine v\u00e4\u00e4ristamine. Toodame saematerjali, h\u00f6\u00f6velmaterjali, liimpuitu, katuseferme ja elementmaju.\",\"breadcrumb\":{\"@id\":\"https:\\\/\\\/pinska.ee\\\/fi\\\/#breadcrumb\"},\"inLanguage\":\"fi\",\"potentialAction\":[{\"@type\":\"ReadAction\",\"target\":[\"https:\\\/\\\/pinska.ee\\\/fi\\\/\"]}]},{\"@type\":\"BreadcrumbList\",\"@id\":\"https:\\\/\\\/pinska.ee\\\/fi\\\/#breadcrumb\",\"itemListElement\":[{\"@type\":\"ListItem\",\"position\":1,\"name\":\"Home\",\"item\":\"https:\\\/\\\/pinska.ee\\\/fi\\\/\"},{\"@type\":\"ListItem\",\"position\":2,\"name\":\"Etusivu\"}]},{\"@type\":\"WebSite\",\"@id\":\"https:\\\/\\\/pinska.ee\\\/fi\\\/#website\",\"url\":\"https:\\\/\\\/pinska.ee\\\/fi\\\/\",\"name\":\"PINSKA\",\"description\":\"\",\"publisher\":{\"@id\":\"https:\\\/\\\/pinska.ee\\\/fi\\\/#organization\"},\"potentialAction\":[{\"@type\":\"SearchAction\",\"target\":{\"@type\":\"EntryPoint\",\"urlTemplate\":\"https:\\\/\\\/pinska.ee\\\/fi\\\/?s={search_term_string}\"},\"query-input\":{\"@type\":\"PropertyValueSpecification\",\"valueRequired\":true,\"valueName\":\"search_term_string\"}}],\"inLanguage\":\"fi\"},{\"@type\":\"Organization\",\"@id\":\"https:\\\/\\\/pinska.ee\\\/fi\\\/#organization\",\"name\":\"Pinska\",\"url\":\"https:\\\/\\\/pinska.ee\\\/fi\\\/\",\"logo\":{\"@type\":\"ImageObject\",\"inLanguage\":\"fi\",\"@id\":\"https:\\\/\\\/pinska.ee\\\/fi\\\/#\\\/schema\\\/logo\\\/image\\\/\",\"url\":\"https:\\\/\\\/pinska.ee\\\/wp-content\\\/uploads\\\/2023\\\/03\\\/Pinska-logo.png\",\"contentUrl\":\"https:\\\/\\\/pinska.ee\\\/wp-content\\\/uploads\\\/2023\\\/03\\\/Pinska-logo.png\",\"width\":300,\"height\":73,\"caption\":\"Pinska\"},\"image\":{\"@id\":\"https:\\\/\\\/pinska.ee\\\/fi\\\/#\\\/schema\\\/logo\\\/image\\\/\"},\"sameAs\":[\"https:\\\/\\\/www.facebook.com\\\/Pinskatootmine\\\/\",\"https:\\\/\\\/www.youtube.com\\\/channel\\\/UC-geSpTpk2RHCg1enVc1vsg\",\"https:\\\/\\\/www.linkedin.com\\\/company\\\/pinska-o\u00fc\\\/\"]}]}<\/script>\n<!-- \/ Yoast SEO plugin. -->","yoast_head_json":{"title":"PINSKA - Avaleht","description":"1999. aastal asutatud puidufirma mille eesm\u00e4rk on puidu edasine v\u00e4\u00e4ristamine. Toodame saematerjali, h\u00f6\u00f6velmaterjali, liimpuitu, katuseferme ja elementmaju.","robots":{"index":"index","follow":"follow","max-snippet":"max-snippet:-1","max-image-preview":"max-image-preview:large","max-video-preview":"max-video-preview:-1"},"canonical":"https:\/\/pinska.ee\/fi\/","og_locale":"fi_FI","og_type":"article","og_title":"PINSKA - Avaleht","og_description":"1999. aastal asutatud puidufirma mille eesm\u00e4rk on puidu edasine v\u00e4\u00e4ristamine. Toodame saematerjali, h\u00f6\u00f6velmaterjali, liimpuitu, katuseferme ja elementmaju.","og_url":"https:\/\/pinska.ee\/fi\/","og_site_name":"PINSKA","article_publisher":"https:\/\/www.facebook.com\/Pinskatootmine\/","article_modified_time":"2025-11-11T12:58:57+00:00","twitter_card":"summary_large_image","twitter_misc":{"Arvioitu lukuaika":"1 minuutti"},"schema":{"@context":"https:\/\/schema.org","@graph":[{"@type":"WebPage","@id":"https:\/\/pinska.ee\/fi\/","url":"https:\/\/pinska.ee\/fi\/","name":"PINSKA - Avaleht","isPartOf":{"@id":"https:\/\/pinska.ee\/fi\/#website"},"datePublished":"2023-01-24T09:42:14+00:00","dateModified":"2025-11-11T12:58:57+00:00","description":"1999. aastal asutatud puidufirma mille eesm\u00e4rk on puidu edasine v\u00e4\u00e4ristamine. Toodame saematerjali, h\u00f6\u00f6velmaterjali, liimpuitu, katuseferme ja elementmaju.","breadcrumb":{"@id":"https:\/\/pinska.ee\/fi\/#breadcrumb"},"inLanguage":"fi","potentialAction":[{"@type":"ReadAction","target":["https:\/\/pinska.ee\/fi\/"]}]},{"@type":"BreadcrumbList","@id":"https:\/\/pinska.ee\/fi\/#breadcrumb","itemListElement":[{"@type":"ListItem","position":1,"name":"Home","item":"https:\/\/pinska.ee\/fi\/"},{"@type":"ListItem","position":2,"name":"Etusivu"}]},{"@type":"WebSite","@id":"https:\/\/pinska.ee\/fi\/#website","url":"https:\/\/pinska.ee\/fi\/","name":"PINSKA","description":"","publisher":{"@id":"https:\/\/pinska.ee\/fi\/#organization"},"potentialAction":[{"@type":"SearchAction","target":{"@type":"EntryPoint","urlTemplate":"https:\/\/pinska.ee\/fi\/?s={search_term_string}"},"query-input":{"@type":"PropertyValueSpecification","valueRequired":true,"valueName":"search_term_string"}}],"inLanguage":"fi"},{"@type":"Organization","@id":"https:\/\/pinska.ee\/fi\/#organization","name":"Pinska","url":"https:\/\/pinska.ee\/fi\/","logo":{"@type":"ImageObject","inLanguage":"fi","@id":"https:\/\/pinska.ee\/fi\/#\/schema\/logo\/image\/","url":"https:\/\/pinska.ee\/wp-content\/uploads\/2023\/03\/Pinska-logo.png","contentUrl":"https:\/\/pinska.ee\/wp-content\/uploads\/2023\/03\/Pinska-logo.png","width":300,"height":73,"caption":"Pinska"},"image":{"@id":"https:\/\/pinska.ee\/fi\/#\/schema\/logo\/image\/"},"sameAs":["https:\/\/www.facebook.com\/Pinskatootmine\/","https:\/\/www.youtube.com\/channel\/UC-geSpTpk2RHCg1enVc1vsg","https:\/\/www.linkedin.com\/company\/pinska-o\u00fc\/"]}]}},"_links":{"self":[{"href":"https:\/\/pinska.ee\/fi\/wp-json\/wp\/v2\/pages\/22500","targetHints":{"allow":["GET"]}}],"collection":[{"href":"https:\/\/pinska.ee\/fi\/wp-json\/wp\/v2\/pages"}],"about":[{"href":"https:\/\/pinska.ee\/fi\/wp-json\/wp\/v2\/types\/page"}],"author":[{"embeddable":true,"href":"https:\/\/pinska.ee\/fi\/wp-json\/wp\/v2\/users\/1"}],"replies":[{"embeddable":true,"href":"https:\/\/pinska.ee\/fi\/wp-json\/wp\/v2\/comments?post=22500"}],"version-history":[{"count":20,"href":"https:\/\/pinska.ee\/fi\/wp-json\/wp\/v2\/pages\/22500\/revisions"}],"predecessor-version":[{"id":22585,"href":"https:\/\/pinska.ee\/fi\/wp-json\/wp\/v2\/pages\/22500\/revisions\/22585"}],"wp:attachment":[{"href":"https:\/\/pinska.ee\/fi\/wp-json\/wp\/v2\/media?parent=22500"}],"curies":[{"name":"wp","href":"https:\/\/api.w.org\/{rel}","templated":true}]}}