{"id":22563,"date":"2023-02-25T16:21:51","date_gmt":"2023-02-25T14:21:51","guid":{"rendered":"https:\/\/pinska.ee\/hausfabrik-kontakt\/"},"modified":"2025-11-11T14:29:28","modified_gmt":"2025-11-11T12:29:28","slug":"hausfabrik-kontakt","status":"publish","type":"page","link":"https:\/\/pinska.ee\/de\/hausfabrik-kontakt\/","title":{"rendered":"Hausfabrik-Kontakt"},"content":{"rendered":"\t\t<div data-elementor-type=\"wp-page\" data-elementor-id=\"22563\" class=\"elementor elementor-22563 elementor-8645\" data-elementor-post-type=\"page\">\n\t\t\t\t\t\t<section class=\"elementor-section elementor-top-section elementor-element elementor-element-a771323 elementor-section-full_width elementor-section-height-min-height elementor-section-height-default elementor-section-items-middle\" data-id=\"a771323\" data-element_type=\"section\" data-e-type=\"section\" data-settings=\"{&quot;background_background&quot;:&quot;classic&quot;}\">\n\t\t\t\t\t\t\t<div class=\"elementor-background-overlay\"><\/div>\n\t\t\t\t\t\t\t<div class=\"elementor-container elementor-column-gap-default\">\n\t\t\t\t\t<div class=\"elementor-column elementor-col-100 elementor-top-column elementor-element elementor-element-b780c85\" data-id=\"b780c85\" data-element_type=\"column\" data-e-type=\"column\">\n\t\t\t<div class=\"elementor-widget-wrap elementor-element-populated\">\n\t\t\t\t\t\t<div class=\"elementor-element elementor-element-dc20e16 elementor-widget elementor-widget-heading\" data-id=\"dc20e16\" data-element_type=\"widget\" data-e-type=\"widget\" data-widget_type=\"heading.default\">\n\t\t\t\t<div class=\"elementor-widget-container\">\n\t\t\t\t\t<h1 class=\"elementor-heading-title elementor-size-default\">Hausfabrik-Kontakt<\/h1>\t\t\t\t<\/div>\n\t\t\t\t<\/div>\n\t\t\t\t\t<\/div>\n\t\t<\/div>\n\t\t\t\t\t<\/div>\n\t\t<\/section>\n\t\t\t\t<section class=\"elementor-section elementor-top-section elementor-element elementor-element-5531970 elementor-section-boxed elementor-section-height-default elementor-section-height-default\" data-id=\"5531970\" data-element_type=\"section\" data-e-type=\"section\" data-settings=\"{&quot;background_background&quot;:&quot;classic&quot;}\">\n\t\t\t\t\t\t<div class=\"elementor-container elementor-column-gap-default\">\n\t\t\t\t\t<div class=\"elementor-column elementor-col-100 elementor-top-column elementor-element elementor-element-7af95e1\" data-id=\"7af95e1\" data-element_type=\"column\" data-e-type=\"column\">\n\t\t\t<div class=\"elementor-widget-wrap elementor-element-populated\">\n\t\t\t\t\t\t<div class=\"elementor-element elementor-element-a47cd18 elementor-widget__width-initial elementor-widget elementor-widget-text-editor\" data-id=\"a47cd18\" data-element_type=\"widget\" data-e-type=\"widget\" data-widget_type=\"text-editor.default\">\n\t\t\t\t<div class=\"elementor-widget-container\">\n\t\t\t\t\t\t\t\t\t<p class=\"contact-page-title\">O\u00dc Pinska Prefab<\/p><p>Reg. Nr. 16124141<br>Umsatzsteuer-Identifikationsnummer: EE102330076<br>Raua tn 10, Stadt Viljandi,<br>Kreis Viljandi, 71020<\/p>\t\t\t\t\t\t\t\t<\/div>\n\t\t\t\t<\/div>\n\t\t\t\t<div class=\"elementor-element elementor-element-0054e91 elementor-widget__width-initial elementor-widget elementor-widget-text-editor\" data-id=\"0054e91\" data-element_type=\"widget\" data-e-type=\"widget\" data-widget_type=\"text-editor.default\">\n\t\t\t\t<div class=\"elementor-widget-container\">\n\t\t\t\t\t\t\t\t\t<p class=\"contact-page-title\">Zimmerpflanze<\/p><p>Raua tn 10, Viljandi linn,<br>Viljandi maakond, 71020<\/p>\t\t\t\t\t\t\t\t<\/div>\n\t\t\t\t<\/div>\n\t\t\t\t<div class=\"elementor-element elementor-element-a4bc2d3 elementor-widget__width-initial elementor-widget elementor-widget-text-editor\" data-id=\"a4bc2d3\" data-element_type=\"widget\" data-e-type=\"widget\" data-widget_type=\"text-editor.default\">\n\t\t\t\t<div class=\"elementor-widget-container\">\n\t\t\t\t\t\t\t\t\t<p class=\"contact-page-title\">B\u00fcro in Tallinn<\/p><p>Peterburi tee 2c, Tallinn, Harju maakond, 11415<\/p>\t\t\t\t\t\t\t\t<\/div>\n\t\t\t\t<\/div>\n\t\t\t\t\t<\/div>\n\t\t<\/div>\n\t\t\t\t\t<\/div>\n\t\t<\/section>\n\t\t\t\t<section class=\"elementor-section elementor-top-section elementor-element elementor-element-d3776e7 elementor-section-boxed elementor-section-height-default elementor-section-height-default\" data-id=\"d3776e7\" data-element_type=\"section\" data-e-type=\"section\" data-settings=\"{&quot;background_background&quot;:&quot;classic&quot;}\">\n\t\t\t\t\t\t<div class=\"elementor-container elementor-column-gap-default\">\n\t\t\t\t\t<div class=\"elementor-column elementor-col-100 elementor-top-column elementor-element elementor-element-d56d29b\" data-id=\"d56d29b\" data-element_type=\"column\" data-e-type=\"column\">\n\t\t\t<div class=\"elementor-widget-wrap elementor-element-populated\">\n\t\t\t\t\t\t<div class=\"elementor-element elementor-element-31ff274 elementor-widget__width-initial elementor-widget elementor-widget-text-editor\" data-id=\"31ff274\" data-element_type=\"widget\" data-e-type=\"widget\" data-widget_type=\"text-editor.default\">\n\t\t\t\t<div class=\"elementor-widget-container\">\n\t\t\t\t\t\t\t\t\t<p class=\"contact-page-title\">allgemeine Informationen<\/p><p><a href=\"mailto:majad@pinska.ee\">majad@pinska.ee<\/a><\/p>\t\t\t\t\t\t\t\t<\/div>\n\t\t\t\t<\/div>\n\t\t\t\t<div class=\"elementor-element elementor-element-109cf4d elementor-widget__width-initial elementor-widget elementor-widget-text-editor\" data-id=\"109cf4d\" data-element_type=\"widget\" data-e-type=\"widget\" data-widget_type=\"text-editor.default\">\n\t\t\t\t<div class=\"elementor-widget-container\">\n\t\t\t\t\t\t\t\t\t<p class=\"contact-page-title\">Verk\u00e4ufe<\/p><p class=\"contact-name\">R\u00fcnno Maksimov<\/p><p><a href=\"tel:+37256962732\">+372 5696 2732<\/a><br><a href=\"mailto:rynno@pinska.ee\">rynno@pinska.ee<\/a><\/p>\t\t\t\t\t\t\t\t<\/div>\n\t\t\t\t<\/div>\n\t\t\t\t<div class=\"elementor-element elementor-element-f0ee38b elementor-widget__width-initial elementor-widget-mobile__width-initial elementor-widget elementor-widget-text-editor\" data-id=\"f0ee38b\" data-element_type=\"widget\" data-e-type=\"widget\" data-widget_type=\"text-editor.default\">\n\t\t\t\t<div class=\"elementor-widget-container\">\n\t\t\t\t\t\t\t\t\t<p class=\"contact-page-title\">Sch\u00e4tzen<\/p><p class=\"contact-name\">Aleksander Kukka<\/p><p><a href=\"mailto:tootmine@pinska.ee\">tootmine@pinska.ee<\/a><\/p>\t\t\t\t\t\t\t\t<\/div>\n\t\t\t\t<\/div>\n\t\t\t\t<div class=\"elementor-element elementor-element-48d1a0c elementor-widget__width-initial elementor-widget-mobile__width-initial elementor-widget elementor-widget-text-editor\" data-id=\"48d1a0c\" data-element_type=\"widget\" data-e-type=\"widget\" data-widget_type=\"text-editor.default\">\n\t\t\t\t<div class=\"elementor-widget-container\">\n\t\t\t\t\t\t\t\t\t<p class=\"contact-page-title\">Produktion<\/p><p class=\"contact-name\">T\u00f5nis Aasav<\/p><p><a href=\"mailto:element@pinska.ee\">element@pinska.ee<\/a><\/p>\t\t\t\t\t\t\t\t<\/div>\n\t\t\t\t<\/div>\n\t\t\t\t\t<\/div>\n\t\t<\/div>\n\t\t\t\t\t<\/div>\n\t\t<\/section>\n\t\t\t\t<section class=\"elementor-section elementor-top-section elementor-element elementor-element-87bf055 elementor-section-boxed elementor-section-height-default elementor-section-height-default\" data-id=\"87bf055\" data-element_type=\"section\" data-e-type=\"section\">\n\t\t\t\t\t\t<div class=\"elementor-container elementor-column-gap-default\">\n\t\t\t\t\t<div class=\"elementor-column elementor-col-100 elementor-top-column elementor-element elementor-element-76d0e31\" data-id=\"76d0e31\" data-element_type=\"column\" data-e-type=\"column\">\n\t\t\t<div class=\"elementor-widget-wrap elementor-element-populated\">\n\t\t\t\t\t\t<div class=\"elementor-element elementor-element-81580eb elementor-widget__width-initial elementor-widget-mobile__width-inherit elementor-widget elementor-widget-heading\" data-id=\"81580eb\" data-element_type=\"widget\" data-e-type=\"widget\" data-widget_type=\"heading.default\">\n\t\t\t\t<div class=\"elementor-widget-container\">\n\t\t\t\t\t<h2 class=\"elementor-heading-title elementor-size-default\">Kontaktieren Sie uns<\/h2>\t\t\t\t<\/div>\n\t\t\t\t<\/div>\n\t\t\t\t<div class=\"elementor-element elementor-element-b1314c1 elementor-widget__width-initial elementor-widget-mobile__width-inherit elementor-widget elementor-widget-text-editor\" data-id=\"b1314c1\" data-element_type=\"widget\" data-e-type=\"widget\" data-widget_type=\"text-editor.default\">\n\t\t\t\t<div class=\"elementor-widget-container\">\n\t\t\t\t\t\t\t\t\t<p>Haben Sie weitere Fragen zu den H\u00e4usern oder m\u00f6chten Sie ein Angebot? Kontaktieren Sie uns, wir beantworten Ihre Fragen gerne.<\/p>\t\t\t\t\t\t\t\t<\/div>\n\t\t\t\t<\/div>\n\t\t\t\t<div class=\"elementor-element elementor-element-72c2be0 elementor-widget__width-initial elementor-widget-mobile__width-inherit elementor-widget elementor-widget-shortcode\" data-id=\"72c2be0\" data-element_type=\"widget\" data-e-type=\"widget\" data-widget_type=\"shortcode.default\">\n\t\t\t\t<div class=\"elementor-widget-container\">\n\t\t\t\t\t\t\t<div class=\"elementor-shortcode\">\n<div class=\"wpcf7 no-js\" id=\"wpcf7-f4706-o1\" lang=\"et\" dir=\"ltr\" data-wpcf7-id=\"4706\">\n<div class=\"screen-reader-response\"><p role=\"status\" aria-live=\"polite\" aria-atomic=\"true\"><\/p> <ul><\/ul><\/div>\n<form action=\"\/de\/wp-json\/wp\/v2\/pages\/22563#wpcf7-f4706-o1\" method=\"post\" class=\"wpcf7-form init wpcf7-acceptance-as-validation\" aria-label=\"Contact form\" novalidate=\"novalidate\" data-status=\"init\">\n<fieldset class=\"hidden-fields-container\"><input type=\"hidden\" name=\"_wpcf7\" value=\"4706\" \/><input type=\"hidden\" name=\"_wpcf7_version\" value=\"6.1.5\" \/><input type=\"hidden\" name=\"_wpcf7_locale\" value=\"et\" \/><input type=\"hidden\" name=\"_wpcf7_unit_tag\" value=\"wpcf7-f4706-o1\" \/><input type=\"hidden\" name=\"_wpcf7_container_post\" value=\"0\" \/><input type=\"hidden\" name=\"_wpcf7_posted_data_hash\" value=\"\" \/><input type=\"hidden\" name=\"_wpcf7cf_hidden_group_fields\" value=\"[]\" \/><input type=\"hidden\" name=\"_wpcf7cf_hidden_groups\" value=\"[]\" \/><input type=\"hidden\" name=\"_wpcf7cf_visible_groups\" value=\"[]\" \/><input type=\"hidden\" name=\"_wpcf7cf_repeaters\" value=\"[]\" \/><input type=\"hidden\" name=\"_wpcf7cf_steps\" value=\"{}\" \/><input type=\"hidden\" name=\"_wpcf7cf_options\" value=\"{&quot;form_id&quot;:4706,&quot;conditions&quot;:[],&quot;settings&quot;:{&quot;animation&quot;:&quot;yes&quot;,&quot;animation_intime&quot;:200,&quot;animation_outtime&quot;:200,&quot;conditions_ui&quot;:&quot;normal&quot;,&quot;notice_dismissed&quot;:false,&quot;notice_dismissed_rollback-cf7-5.9.2&quot;:true}}\" \/><input type=\"hidden\" name=\"_wpcf7_recaptcha_response\" value=\"\" \/>\n<\/fieldset>\n<p><label> Teie nimi*<br \/>\n<span class=\"wpcf7-form-control-wrap\" data-name=\"your-name\"><input size=\"40\" maxlength=\"400\" class=\"wpcf7-form-control wpcf7-text wpcf7-validates-as-required\" autocomplete=\"name\" aria-required=\"true\" aria-invalid=\"false\" value=\"\" type=\"text\" name=\"your-name\" \/><\/span> <\/label><br \/>\n<label> E-posti aadress*<br \/>\n<span class=\"wpcf7-form-control-wrap\" data-name=\"your-email\"><input size=\"40\" maxlength=\"400\" class=\"wpcf7-form-control wpcf7-email wpcf7-validates-as-required wpcf7-text wpcf7-validates-as-email\" autocomplete=\"email\" aria-required=\"true\" aria-invalid=\"false\" value=\"\" type=\"email\" name=\"your-email\" \/><\/span> <\/label><br \/>\n<label> Telefon*<br \/>\n<span class=\"wpcf7-form-control-wrap\" data-name=\"tel-800\"><input size=\"40\" maxlength=\"400\" class=\"wpcf7-form-control wpcf7-tel wpcf7-validates-as-required wpcf7-text wpcf7-validates-as-tel\" aria-required=\"true\" aria-invalid=\"false\" value=\"\" type=\"tel\" name=\"tel-800\" \/><\/span> <\/label><br \/>\n<label> Sisu<br \/>\n<span class=\"wpcf7-form-control-wrap\" data-name=\"your-message\"><textarea cols=\"40\" rows=\"3\" maxlength=\"2000\" class=\"wpcf7-form-control wpcf7-textarea\" aria-invalid=\"false\" name=\"your-message\"><\/textarea><\/span> <\/label><br \/>\n<span class=\"wpcf7-form-control-wrap\" data-name=\"acceptance-900\"><span class=\"wpcf7-form-control wpcf7-acceptance\"><span class=\"wpcf7-list-item\"><label><input type=\"checkbox\" name=\"acceptance-900\" value=\"1\" aria-invalid=\"false\" \/><span class=\"wpcf7-list-item-label\">N\u00f5ustun veebilehe <a class=\"privacy-link\" href=\"https:\/\/pinska.ee\/privaatsustingimused\/\" target=\"_blank\">isikuandmete kaitse p\u00f5him\u00f5tetega<\/a>.*<\/span><\/label><\/span><\/span><\/span><br \/>\n<input class=\"wpcf7-form-control wpcf7-submit has-spinner\" type=\"submit\" value=\"Saada\" \/>\n<\/p><div class=\"wpcf7-response-output\" aria-hidden=\"true\"><\/div>\n<\/form>\n<\/div>\n<\/div>\n\t\t\t\t\t\t<\/div>\n\t\t\t\t<\/div>\n\t\t\t\t\t<\/div>\n\t\t<\/div>\n\t\t\t\t\t<\/div>\n\t\t<\/section>\n\t\t\t\t<\/div>\n\t\t","protected":false},"excerpt":{"rendered":"<p>Hausfabrik-Kontakt O\u00dc Pinska Prefab Reg. Nr. 16124141Umsatzsteuer-Identifikationsnummer: EE102330076Raua tn 10, Stadt Viljandi,Kreis Viljandi, 71020 Zimmerpflanze Raua tn 10, Viljandi linn,Viljandi maakond, 71020 B\u00fcro in Tallinn Peterburi tee 2c, Tallinn, Harju maakond, 11415 allgemeine Informationen majad@pinska.ee Verk\u00e4ufe R\u00fcnno Maksimov +372 5696 2732rynno@pinska.ee Sch\u00e4tzen Aleksander Kukka tootmine@pinska.ee Produktion T\u00f5nis Aasav element@pinska.ee Kontaktieren Sie uns Haben Sie weitere [&hellip;]<\/p>\n","protected":false},"author":1,"featured_media":0,"parent":0,"menu_order":0,"comment_status":"closed","ping_status":"closed","template":"","meta":{"site-sidebar-layout":"no-sidebar","site-content-layout":"page-builder","ast-site-content-layout":"default","site-content-style":"default","site-sidebar-style":"default","ast-global-header-display":"","ast-banner-title-visibility":"","ast-main-header-display":"","ast-hfb-above-header-display":"","ast-hfb-below-header-display":"","ast-hfb-mobile-header-display":"","site-post-title":"disabled","ast-breadcrumbs-content":"","ast-featured-img":"disabled","footer-sml-layout":"","ast-disable-related-posts":"","theme-transparent-header-meta":"","adv-header-id-meta":"","stick-header-meta":"","header-above-stick-meta":"","header-main-stick-meta":"","header-below-stick-meta":"","astra-migrate-meta-layouts":"default","ast-page-background-enabled":"default","ast-page-background-meta":{"desktop":{"background-color":"var(--ast-global-color-4)","background-image":"","background-repeat":"repeat","background-position":"center center","background-size":"auto","background-attachment":"scroll","background-type":"","background-media":"","overlay-type":"","overlay-color":"","overlay-opacity":"","overlay-gradient":""},"tablet":{"background-color":"","background-image":"","background-repeat":"repeat","background-position":"center center","background-size":"auto","background-attachment":"scroll","background-type":"","background-media":"","overlay-type":"","overlay-color":"","overlay-opacity":"","overlay-gradient":""},"mobile":{"background-color":"","background-image":"","background-repeat":"repeat","background-position":"center center","background-size":"auto","background-attachment":"scroll","background-type":"","background-media":"","overlay-type":"","overlay-color":"","overlay-opacity":"","overlay-gradient":""}},"ast-content-background-meta":{"desktop":{"background-color":"var(--ast-global-color-5)","background-image":"","background-repeat":"repeat","background-position":"center center","background-size":"auto","background-attachment":"scroll","background-type":"","background-media":"","overlay-type":"","overlay-color":"","overlay-opacity":"","overlay-gradient":""},"tablet":{"background-color":"var(--ast-global-color-5)","background-image":"","background-repeat":"repeat","background-position":"center center","background-size":"auto","background-attachment":"scroll","background-type":"","background-media":"","overlay-type":"","overlay-color":"","overlay-opacity":"","overlay-gradient":""},"mobile":{"background-color":"var(--ast-global-color-5)","background-image":"","background-repeat":"repeat","background-position":"center center","background-size":"auto","background-attachment":"scroll","background-type":"","background-media":"","overlay-type":"","overlay-color":"","overlay-opacity":"","overlay-gradient":""}},"footnotes":""},"class_list":["post-22563","page","type-page","status-publish","hentry"],"yoast_head":"<!-- This site is optimized with the Yoast SEO plugin v27.3 - https:\/\/yoast.com\/product\/yoast-seo-wordpress\/ -->\n<title>Hausfabrik-Kontakt - PINSKA<\/title>\n<meta name=\"description\" content=\"Haben Sie weitere Fragen zu unseren Produkten oder w\u00fcnschen Sie ein Angebot? Kontaktieren Sie uns unter majad@pinska.ee.\" \/>\n<meta name=\"robots\" content=\"index, follow, max-snippet:-1, max-image-preview:large, max-video-preview:-1\" \/>\n<link rel=\"canonical\" href=\"https:\/\/pinska.ee\/de\/hausfabrik-kontakt\/\" \/>\n<meta property=\"og:locale\" content=\"de_DE\" \/>\n<meta property=\"og:type\" content=\"article\" \/>\n<meta property=\"og:title\" content=\"Hausfabrik-Kontakt - PINSKA\" \/>\n<meta property=\"og:description\" content=\"Haben Sie weitere Fragen zu unseren Produkten oder w\u00fcnschen Sie ein Angebot? Kontaktieren Sie uns unter majad@pinska.ee.\" \/>\n<meta property=\"og:url\" content=\"https:\/\/pinska.ee\/de\/hausfabrik-kontakt\/\" \/>\n<meta property=\"og:site_name\" content=\"PINSKA\" \/>\n<meta property=\"article:publisher\" content=\"https:\/\/www.facebook.com\/Pinskatootmine\/\" \/>\n<meta property=\"article:modified_time\" content=\"2025-11-11T12:29:28+00:00\" \/>\n<meta name=\"twitter:card\" content=\"summary_large_image\" \/>\n<script type=\"application\/ld+json\" class=\"yoast-schema-graph\">{\"@context\":\"https:\\\/\\\/schema.org\",\"@graph\":[{\"@type\":\"WebPage\",\"@id\":\"https:\\\/\\\/pinska.ee\\\/de\\\/hausfabrik-kontakt\\\/\",\"url\":\"https:\\\/\\\/pinska.ee\\\/de\\\/hausfabrik-kontakt\\\/\",\"name\":\"Hausfabrik-Kontakt - PINSKA\",\"isPartOf\":{\"@id\":\"https:\\\/\\\/pinska.ee\\\/de\\\/#website\"},\"datePublished\":\"2023-02-25T14:21:51+00:00\",\"dateModified\":\"2025-11-11T12:29:28+00:00\",\"description\":\"Haben Sie weitere Fragen zu unseren Produkten oder w\u00fcnschen Sie ein Angebot? Kontaktieren Sie uns unter majad@pinska.ee.\",\"breadcrumb\":{\"@id\":\"https:\\\/\\\/pinska.ee\\\/de\\\/hausfabrik-kontakt\\\/#breadcrumb\"},\"inLanguage\":\"de\",\"potentialAction\":[{\"@type\":\"ReadAction\",\"target\":[\"https:\\\/\\\/pinska.ee\\\/de\\\/hausfabrik-kontakt\\\/\"]}]},{\"@type\":\"BreadcrumbList\",\"@id\":\"https:\\\/\\\/pinska.ee\\\/de\\\/hausfabrik-kontakt\\\/#breadcrumb\",\"itemListElement\":[{\"@type\":\"ListItem\",\"position\":1,\"name\":\"Home\",\"item\":\"https:\\\/\\\/pinska.ee\\\/de\\\/\"},{\"@type\":\"ListItem\",\"position\":2,\"name\":\"Hausfabrik-Kontakt\"}]},{\"@type\":\"WebSite\",\"@id\":\"https:\\\/\\\/pinska.ee\\\/de\\\/#website\",\"url\":\"https:\\\/\\\/pinska.ee\\\/de\\\/\",\"name\":\"PINSKA\",\"description\":\"\",\"publisher\":{\"@id\":\"https:\\\/\\\/pinska.ee\\\/de\\\/#organization\"},\"potentialAction\":[{\"@type\":\"SearchAction\",\"target\":{\"@type\":\"EntryPoint\",\"urlTemplate\":\"https:\\\/\\\/pinska.ee\\\/de\\\/?s={search_term_string}\"},\"query-input\":{\"@type\":\"PropertyValueSpecification\",\"valueRequired\":true,\"valueName\":\"search_term_string\"}}],\"inLanguage\":\"de\"},{\"@type\":\"Organization\",\"@id\":\"https:\\\/\\\/pinska.ee\\\/de\\\/#organization\",\"name\":\"Pinska\",\"url\":\"https:\\\/\\\/pinska.ee\\\/de\\\/\",\"logo\":{\"@type\":\"ImageObject\",\"inLanguage\":\"de\",\"@id\":\"https:\\\/\\\/pinska.ee\\\/de\\\/#\\\/schema\\\/logo\\\/image\\\/\",\"url\":\"https:\\\/\\\/pinska.ee\\\/wp-content\\\/uploads\\\/2023\\\/03\\\/Pinska-logo.png\",\"contentUrl\":\"https:\\\/\\\/pinska.ee\\\/wp-content\\\/uploads\\\/2023\\\/03\\\/Pinska-logo.png\",\"width\":300,\"height\":73,\"caption\":\"Pinska\"},\"image\":{\"@id\":\"https:\\\/\\\/pinska.ee\\\/de\\\/#\\\/schema\\\/logo\\\/image\\\/\"},\"sameAs\":[\"https:\\\/\\\/www.facebook.com\\\/Pinskatootmine\\\/\",\"https:\\\/\\\/www.youtube.com\\\/channel\\\/UC-geSpTpk2RHCg1enVc1vsg\",\"https:\\\/\\\/www.linkedin.com\\\/company\\\/pinska-o\u00fc\\\/\"]}]}<\/script>\n<!-- \/ Yoast SEO plugin. -->","yoast_head_json":{"title":"Hausfabrik-Kontakt - PINSKA","description":"Haben Sie weitere Fragen zu unseren Produkten oder w\u00fcnschen Sie ein Angebot? Kontaktieren Sie uns unter majad@pinska.ee.","robots":{"index":"index","follow":"follow","max-snippet":"max-snippet:-1","max-image-preview":"max-image-preview:large","max-video-preview":"max-video-preview:-1"},"canonical":"https:\/\/pinska.ee\/de\/hausfabrik-kontakt\/","og_locale":"de_DE","og_type":"article","og_title":"Hausfabrik-Kontakt - PINSKA","og_description":"Haben Sie weitere Fragen zu unseren Produkten oder w\u00fcnschen Sie ein Angebot? Kontaktieren Sie uns unter majad@pinska.ee.","og_url":"https:\/\/pinska.ee\/de\/hausfabrik-kontakt\/","og_site_name":"PINSKA","article_publisher":"https:\/\/www.facebook.com\/Pinskatootmine\/","article_modified_time":"2025-11-11T12:29:28+00:00","twitter_card":"summary_large_image","schema":{"@context":"https:\/\/schema.org","@graph":[{"@type":"WebPage","@id":"https:\/\/pinska.ee\/de\/hausfabrik-kontakt\/","url":"https:\/\/pinska.ee\/de\/hausfabrik-kontakt\/","name":"Hausfabrik-Kontakt - PINSKA","isPartOf":{"@id":"https:\/\/pinska.ee\/de\/#website"},"datePublished":"2023-02-25T14:21:51+00:00","dateModified":"2025-11-11T12:29:28+00:00","description":"Haben Sie weitere Fragen zu unseren Produkten oder w\u00fcnschen Sie ein Angebot? Kontaktieren Sie uns unter majad@pinska.ee.","breadcrumb":{"@id":"https:\/\/pinska.ee\/de\/hausfabrik-kontakt\/#breadcrumb"},"inLanguage":"de","potentialAction":[{"@type":"ReadAction","target":["https:\/\/pinska.ee\/de\/hausfabrik-kontakt\/"]}]},{"@type":"BreadcrumbList","@id":"https:\/\/pinska.ee\/de\/hausfabrik-kontakt\/#breadcrumb","itemListElement":[{"@type":"ListItem","position":1,"name":"Home","item":"https:\/\/pinska.ee\/de\/"},{"@type":"ListItem","position":2,"name":"Hausfabrik-Kontakt"}]},{"@type":"WebSite","@id":"https:\/\/pinska.ee\/de\/#website","url":"https:\/\/pinska.ee\/de\/","name":"PINSKA","description":"","publisher":{"@id":"https:\/\/pinska.ee\/de\/#organization"},"potentialAction":[{"@type":"SearchAction","target":{"@type":"EntryPoint","urlTemplate":"https:\/\/pinska.ee\/de\/?s={search_term_string}"},"query-input":{"@type":"PropertyValueSpecification","valueRequired":true,"valueName":"search_term_string"}}],"inLanguage":"de"},{"@type":"Organization","@id":"https:\/\/pinska.ee\/de\/#organization","name":"Pinska","url":"https:\/\/pinska.ee\/de\/","logo":{"@type":"ImageObject","inLanguage":"de","@id":"https:\/\/pinska.ee\/de\/#\/schema\/logo\/image\/","url":"https:\/\/pinska.ee\/wp-content\/uploads\/2023\/03\/Pinska-logo.png","contentUrl":"https:\/\/pinska.ee\/wp-content\/uploads\/2023\/03\/Pinska-logo.png","width":300,"height":73,"caption":"Pinska"},"image":{"@id":"https:\/\/pinska.ee\/de\/#\/schema\/logo\/image\/"},"sameAs":["https:\/\/www.facebook.com\/Pinskatootmine\/","https:\/\/www.youtube.com\/channel\/UC-geSpTpk2RHCg1enVc1vsg","https:\/\/www.linkedin.com\/company\/pinska-o\u00fc\/"]}]}},"_links":{"self":[{"href":"https:\/\/pinska.ee\/de\/wp-json\/wp\/v2\/pages\/22563","targetHints":{"allow":["GET"]}}],"collection":[{"href":"https:\/\/pinska.ee\/de\/wp-json\/wp\/v2\/pages"}],"about":[{"href":"https:\/\/pinska.ee\/de\/wp-json\/wp\/v2\/types\/page"}],"author":[{"embeddable":true,"href":"https:\/\/pinska.ee\/de\/wp-json\/wp\/v2\/users\/1"}],"replies":[{"embeddable":true,"href":"https:\/\/pinska.ee\/de\/wp-json\/wp\/v2\/comments?post=22563"}],"version-history":[{"count":1,"href":"https:\/\/pinska.ee\/de\/wp-json\/wp\/v2\/pages\/22563\/revisions"}],"predecessor-version":[{"id":22564,"href":"https:\/\/pinska.ee\/de\/wp-json\/wp\/v2\/pages\/22563\/revisions\/22564"}],"wp:attachment":[{"href":"https:\/\/pinska.ee\/de\/wp-json\/wp\/v2\/media?parent=22563"}],"curies":[{"name":"wp","href":"https:\/\/api.w.org\/{rel}","templated":true}]}}