{"id":21271,"date":"2024-11-05T14:43:26","date_gmt":"2024-11-05T12:43:26","guid":{"rendered":"https:\/\/pinska.ee\/modulhaeuser-auf-lager\/"},"modified":"2026-02-04T18:59:07","modified_gmt":"2026-02-04T16:59:07","slug":"modulhaeuser-auf-lager","status":"publish","type":"page","link":"https:\/\/pinska.ee\/de\/modulhaeuser-auf-lager\/","title":{"rendered":"Modulh\u00e4user auf lager"},"content":{"rendered":"\t\t<div data-elementor-type=\"wp-page\" data-elementor-id=\"21271\" class=\"elementor elementor-21271 elementor-21263\" data-elementor-post-type=\"page\">\n\t\t\t\t\t\t<section class=\"elementor-section elementor-top-section elementor-element elementor-element-9a1109b elementor-section-full_width elementor-section-height-min-height elementor-section-height-default elementor-section-items-middle\" data-id=\"9a1109b\" data-element_type=\"section\" data-e-type=\"section\" data-settings=\"{&quot;background_background&quot;:&quot;classic&quot;}\">\n\t\t\t\t\t\t\t<div class=\"elementor-background-overlay\"><\/div>\n\t\t\t\t\t\t\t<div class=\"elementor-container elementor-column-gap-default\">\n\t\t\t\t\t<div class=\"elementor-column elementor-col-100 elementor-top-column elementor-element elementor-element-2a0700e\" data-id=\"2a0700e\" data-element_type=\"column\" data-e-type=\"column\">\n\t\t\t<div class=\"elementor-widget-wrap elementor-element-populated\">\n\t\t\t\t\t\t<div class=\"elementor-element elementor-element-7ac77b3 elementor-widget elementor-widget-heading\" data-id=\"7ac77b3\" data-element_type=\"widget\" data-e-type=\"widget\" data-widget_type=\"heading.default\">\n\t\t\t\t<div class=\"elementor-widget-container\">\n\t\t\t\t\t<h1 class=\"elementor-heading-title elementor-size-default\">Modulh\u00e4user auf lager<\/h1>\t\t\t\t<\/div>\n\t\t\t\t<\/div>\n\t\t\t\t\t<\/div>\n\t\t<\/div>\n\t\t\t\t\t<\/div>\n\t\t<\/section>\n\t\t\t\t<section class=\"elementor-section elementor-top-section elementor-element elementor-element-6dc3700 elementor-section-boxed elementor-section-height-default elementor-section-height-default\" data-id=\"6dc3700\" data-element_type=\"section\" data-e-type=\"section\" data-settings=\"{&quot;background_background&quot;:&quot;classic&quot;}\">\n\t\t\t\t\t\t<div class=\"elementor-container elementor-column-gap-default\">\n\t\t\t\t\t<div class=\"elementor-column elementor-col-100 elementor-top-column elementor-element elementor-element-a9b02e7\" data-id=\"a9b02e7\" data-element_type=\"column\" data-e-type=\"column\">\n\t\t\t<div class=\"elementor-widget-wrap elementor-element-populated\">\n\t\t\t\t\t\t<div class=\"elementor-element elementor-element-3f3084f elementor-widget elementor-widget-heading\" data-id=\"3f3084f\" data-element_type=\"widget\" data-e-type=\"widget\" data-widget_type=\"heading.default\">\n\t\t\t\t<div class=\"elementor-widget-container\">\n\t\t\t\t\t<h2 class=\"elementor-heading-title elementor-size-default\">Unsere Modulh\u00e4user auf lager<\/h2>\t\t\t\t<\/div>\n\t\t\t\t<\/div>\n\t\t\t\t<div class=\"elementor-element elementor-element-1a28e84 elementor-widget__width-initial elementor-hidden-desktop elementor-hidden-tablet elementor-hidden-mobile elementor-position-top elementor-widget elementor-widget-image-box\" data-id=\"1a28e84\" data-element_type=\"widget\" data-e-type=\"widget\" data-widget_type=\"image-box.default\">\n\t\t\t\t<div class=\"elementor-widget-container\">\n\t\t\t\t\t<div class=\"elementor-image-box-wrapper\"><figure class=\"elementor-image-box-img\"><a href=\"https:\/\/pinska.ee\/de\/modulhaeuser-auf-lager\/modulhaus-modern-modular-type-s-30-1\/\" tabindex=\"-1\"><img fetchpriority=\"high\" decoding=\"async\" width=\"768\" height=\"576\" src=\"https:\/\/pinska.ee\/wp-content\/uploads\/2024\/11\/moodulmaja-M30-1-768x576.jpg\" class=\"attachment-medium_large size-medium_large wp-image-21020\" alt=\"Moodulmaja M30 1\" srcset=\"https:\/\/pinska.ee\/wp-content\/uploads\/2024\/11\/moodulmaja-M30-1-768x576.jpg 768w, https:\/\/pinska.ee\/wp-content\/uploads\/2024\/11\/moodulmaja-M30-1-300x225.jpg 300w, https:\/\/pinska.ee\/wp-content\/uploads\/2024\/11\/moodulmaja-M30-1-1024x768.jpg 1024w, https:\/\/pinska.ee\/wp-content\/uploads\/2024\/11\/moodulmaja-M30-1-1536x1152.jpg 1536w, https:\/\/pinska.ee\/wp-content\/uploads\/2024\/11\/moodulmaja-M30-1.jpg 1920w\" sizes=\"(max-width: 768px) 100vw, 768px\" \/><\/a><\/figure><div class=\"elementor-image-box-content\"><h3 class=\"elementor-image-box-title\"><a href=\"https:\/\/pinska.ee\/de\/modulhaeuser-auf-lager\/modulhaus-modern-modular-type-s-30-1\/\">Modulhaus Modern Modular Type S 30-1<\/a><\/h3><\/div><\/div>\t\t\t\t<\/div>\n\t\t\t\t<\/div>\n\t\t\t\t<div class=\"elementor-element elementor-element-9e5e9c7 elementor-widget__width-initial elementor-position-top elementor-widget elementor-widget-image-box\" data-id=\"9e5e9c7\" data-element_type=\"widget\" data-e-type=\"widget\" data-widget_type=\"image-box.default\">\n\t\t\t\t<div class=\"elementor-widget-container\">\n\t\t\t\t\t<div class=\"elementor-image-box-wrapper\"><figure class=\"elementor-image-box-img\"><a href=\"https:\/\/pinska.ee\/de\/modulhaeuser-auf-lager\/modulhaus-modern-modular-type-s-30-2\/\" tabindex=\"-1\"><img decoding=\"async\" width=\"768\" height=\"576\" src=\"https:\/\/pinska.ee\/wp-content\/uploads\/2024\/11\/moodulmaja-M30-2-1-768x576.jpg\" class=\"attachment-medium_large size-medium_large wp-image-21080\" alt=\"Moodulmaja M30 2-1\" srcset=\"https:\/\/pinska.ee\/wp-content\/uploads\/2024\/11\/moodulmaja-M30-2-1-768x576.jpg 768w, https:\/\/pinska.ee\/wp-content\/uploads\/2024\/11\/moodulmaja-M30-2-1-300x225.jpg 300w, https:\/\/pinska.ee\/wp-content\/uploads\/2024\/11\/moodulmaja-M30-2-1-1024x768.jpg 1024w, https:\/\/pinska.ee\/wp-content\/uploads\/2024\/11\/moodulmaja-M30-2-1-1536x1152.jpg 1536w, https:\/\/pinska.ee\/wp-content\/uploads\/2024\/11\/moodulmaja-M30-2-1.jpg 1920w\" sizes=\"(max-width: 768px) 100vw, 768px\" \/><\/a><\/figure><div class=\"elementor-image-box-content\"><h3 class=\"elementor-image-box-title\"><a href=\"https:\/\/pinska.ee\/de\/modulhaeuser-auf-lager\/modulhaus-modern-modular-type-s-30-2\/\">Modulhaus Modern Modular Type S 30-2<\/a><\/h3><\/div><\/div>\t\t\t\t<\/div>\n\t\t\t\t<\/div>\n\t\t\t\t\t<\/div>\n\t\t<\/div>\n\t\t\t\t\t<\/div>\n\t\t<\/section>\n\t\t\t\t<\/div>\n\t\t","protected":false},"excerpt":{"rendered":"<p>Modulh\u00e4user auf lager Unsere Modulh\u00e4user auf lager Modulhaus Modern Modular Type S 30-1 Modulhaus Modern Modular Type S 30-2<\/p>\n","protected":false},"author":1,"featured_media":0,"parent":0,"menu_order":0,"comment_status":"closed","ping_status":"closed","template":"","meta":{"site-sidebar-layout":"no-sidebar","site-content-layout":"page-builder","ast-site-content-layout":"full-width-container","site-content-style":"default","site-sidebar-style":"default","ast-global-header-display":"","ast-banner-title-visibility":"","ast-main-header-display":"","ast-hfb-above-header-display":"","ast-hfb-below-header-display":"","ast-hfb-mobile-header-display":"","site-post-title":"disabled","ast-breadcrumbs-content":"","ast-featured-img":"disabled","footer-sml-layout":"","ast-disable-related-posts":"","theme-transparent-header-meta":"","adv-header-id-meta":"","stick-header-meta":"","header-above-stick-meta":"","header-main-stick-meta":"","header-below-stick-meta":"","astra-migrate-meta-layouts":"set","ast-page-background-enabled":"default","ast-page-background-meta":{"desktop":{"background-color":"var(--ast-global-color-4)","background-image":"","background-repeat":"repeat","background-position":"center center","background-size":"auto","background-attachment":"scroll","background-type":"","background-media":"","overlay-type":"","overlay-color":"","overlay-opacity":"","overlay-gradient":""},"tablet":{"background-color":"","background-image":"","background-repeat":"repeat","background-position":"center center","background-size":"auto","background-attachment":"scroll","background-type":"","background-media":"","overlay-type":"","overlay-color":"","overlay-opacity":"","overlay-gradient":""},"mobile":{"background-color":"","background-image":"","background-repeat":"repeat","background-position":"center center","background-size":"auto","background-attachment":"scroll","background-type":"","background-media":"","overlay-type":"","overlay-color":"","overlay-opacity":"","overlay-gradient":""}},"ast-content-background-meta":{"desktop":{"background-color":"var(--ast-global-color-5)","background-image":"","background-repeat":"repeat","background-position":"center center","background-size":"auto","background-attachment":"scroll","background-type":"","background-media":"","overlay-type":"","overlay-color":"","overlay-opacity":"","overlay-gradient":""},"tablet":{"background-color":"var(--ast-global-color-5)","background-image":"","background-repeat":"repeat","background-position":"center center","background-size":"auto","background-attachment":"scroll","background-type":"","background-media":"","overlay-type":"","overlay-color":"","overlay-opacity":"","overlay-gradient":""},"mobile":{"background-color":"var(--ast-global-color-5)","background-image":"","background-repeat":"repeat","background-position":"center center","background-size":"auto","background-attachment":"scroll","background-type":"","background-media":"","overlay-type":"","overlay-color":"","overlay-opacity":"","overlay-gradient":""}},"footnotes":""},"class_list":["post-21271","page","type-page","status-publish","hentry"],"yoast_head":"<!-- This site is optimized with the Yoast SEO plugin v27.3 - https:\/\/yoast.com\/product\/yoast-seo-wordpress\/ -->\n<title>Modulh\u00e4user auf lager - PINSKA<\/title>\n<meta name=\"description\" content=\"Ein energieeffizientes Modulhaus f\u00fcr die ganzj\u00e4hrige Nutzung. Erh\u00e4ltlich als Komplettl\u00f6sung oder als einsatzfertiges Paket. Sauna ist optional. Immer mehr Menschen entscheiden sich daf\u00fcr, ihre Wohnfl\u00e4che zu reduzieren, ohne dabei Abstriche beim Komfort machen zu m\u00fcssen.\" \/>\n<meta name=\"robots\" content=\"index, follow, max-snippet:-1, max-image-preview:large, max-video-preview:-1\" \/>\n<link rel=\"canonical\" href=\"https:\/\/pinska.ee\/de\/modulhaeuser-auf-lager\/\" \/>\n<meta property=\"og:locale\" content=\"de_DE\" \/>\n<meta property=\"og:type\" content=\"article\" \/>\n<meta property=\"og:title\" content=\"Modulh\u00e4user auf lager - PINSKA\" \/>\n<meta property=\"og:description\" content=\"Ein energieeffizientes Modulhaus f\u00fcr die ganzj\u00e4hrige Nutzung. Erh\u00e4ltlich als Komplettl\u00f6sung oder als einsatzfertiges Paket. Sauna ist optional. Immer mehr Menschen entscheiden sich daf\u00fcr, ihre Wohnfl\u00e4che zu reduzieren, ohne dabei Abstriche beim Komfort machen zu m\u00fcssen.\" \/>\n<meta property=\"og:url\" content=\"https:\/\/pinska.ee\/de\/modulhaeuser-auf-lager\/\" \/>\n<meta property=\"og:site_name\" content=\"PINSKA\" \/>\n<meta property=\"article:publisher\" content=\"https:\/\/www.facebook.com\/Pinskatootmine\/\" \/>\n<meta property=\"article:modified_time\" content=\"2026-02-04T16:59:07+00:00\" \/>\n<meta property=\"og:image\" content=\"https:\/\/pinska.ee\/wp-content\/uploads\/2024\/11\/moodulmaja-M30-1.jpg\" \/>\n\t<meta property=\"og:image:width\" content=\"1920\" \/>\n\t<meta property=\"og:image:height\" content=\"1440\" \/>\n\t<meta property=\"og:image:type\" content=\"image\/jpeg\" \/>\n<meta name=\"twitter:card\" content=\"summary_large_image\" \/>\n<meta name=\"twitter:label1\" content=\"Gesch\u00e4tzte Lesezeit\" \/>\n\t<meta name=\"twitter:data1\" content=\"1\u00a0Minute\" \/>\n<script type=\"application\/ld+json\" class=\"yoast-schema-graph\">{\"@context\":\"https:\\\/\\\/schema.org\",\"@graph\":[{\"@type\":\"WebPage\",\"@id\":\"https:\\\/\\\/pinska.ee\\\/de\\\/modulhaeuser-auf-lager\\\/\",\"url\":\"https:\\\/\\\/pinska.ee\\\/de\\\/modulhaeuser-auf-lager\\\/\",\"name\":\"Modulh\u00e4user auf lager - PINSKA\",\"isPartOf\":{\"@id\":\"https:\\\/\\\/pinska.ee\\\/de\\\/#website\"},\"primaryImageOfPage\":{\"@id\":\"https:\\\/\\\/pinska.ee\\\/de\\\/modulhaeuser-auf-lager\\\/#primaryimage\"},\"image\":{\"@id\":\"https:\\\/\\\/pinska.ee\\\/de\\\/modulhaeuser-auf-lager\\\/#primaryimage\"},\"thumbnailUrl\":\"https:\\\/\\\/pinska.ee\\\/wp-content\\\/uploads\\\/2024\\\/11\\\/moodulmaja-M30-1-768x576.jpg\",\"datePublished\":\"2024-11-05T12:43:26+00:00\",\"dateModified\":\"2026-02-04T16:59:07+00:00\",\"description\":\"Ein energieeffizientes Modulhaus f\u00fcr die ganzj\u00e4hrige Nutzung. Erh\u00e4ltlich als Komplettl\u00f6sung oder als einsatzfertiges Paket. Sauna ist optional. Immer mehr Menschen entscheiden sich daf\u00fcr, ihre Wohnfl\u00e4che zu reduzieren, ohne dabei Abstriche beim Komfort machen zu m\u00fcssen.\",\"breadcrumb\":{\"@id\":\"https:\\\/\\\/pinska.ee\\\/de\\\/modulhaeuser-auf-lager\\\/#breadcrumb\"},\"inLanguage\":\"de\",\"potentialAction\":[{\"@type\":\"ReadAction\",\"target\":[\"https:\\\/\\\/pinska.ee\\\/de\\\/modulhaeuser-auf-lager\\\/\"]}]},{\"@type\":\"ImageObject\",\"inLanguage\":\"de\",\"@id\":\"https:\\\/\\\/pinska.ee\\\/de\\\/modulhaeuser-auf-lager\\\/#primaryimage\",\"url\":\"https:\\\/\\\/pinska.ee\\\/wp-content\\\/uploads\\\/2024\\\/11\\\/moodulmaja-M30-1-768x576.jpg\",\"contentUrl\":\"https:\\\/\\\/pinska.ee\\\/wp-content\\\/uploads\\\/2024\\\/11\\\/moodulmaja-M30-1-768x576.jpg\"},{\"@type\":\"BreadcrumbList\",\"@id\":\"https:\\\/\\\/pinska.ee\\\/de\\\/modulhaeuser-auf-lager\\\/#breadcrumb\",\"itemListElement\":[{\"@type\":\"ListItem\",\"position\":1,\"name\":\"Home\",\"item\":\"https:\\\/\\\/pinska.ee\\\/de\\\/\"},{\"@type\":\"ListItem\",\"position\":2,\"name\":\"Modulh\u00e4user auf lager\"}]},{\"@type\":\"WebSite\",\"@id\":\"https:\\\/\\\/pinska.ee\\\/de\\\/#website\",\"url\":\"https:\\\/\\\/pinska.ee\\\/de\\\/\",\"name\":\"PINSKA\",\"description\":\"\",\"publisher\":{\"@id\":\"https:\\\/\\\/pinska.ee\\\/de\\\/#organization\"},\"potentialAction\":[{\"@type\":\"SearchAction\",\"target\":{\"@type\":\"EntryPoint\",\"urlTemplate\":\"https:\\\/\\\/pinska.ee\\\/de\\\/?s={search_term_string}\"},\"query-input\":{\"@type\":\"PropertyValueSpecification\",\"valueRequired\":true,\"valueName\":\"search_term_string\"}}],\"inLanguage\":\"de\"},{\"@type\":\"Organization\",\"@id\":\"https:\\\/\\\/pinska.ee\\\/de\\\/#organization\",\"name\":\"Pinska\",\"url\":\"https:\\\/\\\/pinska.ee\\\/de\\\/\",\"logo\":{\"@type\":\"ImageObject\",\"inLanguage\":\"de\",\"@id\":\"https:\\\/\\\/pinska.ee\\\/de\\\/#\\\/schema\\\/logo\\\/image\\\/\",\"url\":\"https:\\\/\\\/pinska.ee\\\/wp-content\\\/uploads\\\/2023\\\/03\\\/Pinska-logo.png\",\"contentUrl\":\"https:\\\/\\\/pinska.ee\\\/wp-content\\\/uploads\\\/2023\\\/03\\\/Pinska-logo.png\",\"width\":300,\"height\":73,\"caption\":\"Pinska\"},\"image\":{\"@id\":\"https:\\\/\\\/pinska.ee\\\/de\\\/#\\\/schema\\\/logo\\\/image\\\/\"},\"sameAs\":[\"https:\\\/\\\/www.facebook.com\\\/Pinskatootmine\\\/\",\"https:\\\/\\\/www.youtube.com\\\/channel\\\/UC-geSpTpk2RHCg1enVc1vsg\",\"https:\\\/\\\/www.linkedin.com\\\/company\\\/pinska-o\u00fc\\\/\"]}]}<\/script>\n<!-- \/ Yoast SEO plugin. -->","yoast_head_json":{"title":"Modulh\u00e4user auf lager - PINSKA","description":"Ein energieeffizientes Modulhaus f\u00fcr die ganzj\u00e4hrige Nutzung. Erh\u00e4ltlich als Komplettl\u00f6sung oder als einsatzfertiges Paket. Sauna ist optional. Immer mehr Menschen entscheiden sich daf\u00fcr, ihre Wohnfl\u00e4che zu reduzieren, ohne dabei Abstriche beim Komfort machen zu m\u00fcssen.","robots":{"index":"index","follow":"follow","max-snippet":"max-snippet:-1","max-image-preview":"max-image-preview:large","max-video-preview":"max-video-preview:-1"},"canonical":"https:\/\/pinska.ee\/de\/modulhaeuser-auf-lager\/","og_locale":"de_DE","og_type":"article","og_title":"Modulh\u00e4user auf lager - PINSKA","og_description":"Ein energieeffizientes Modulhaus f\u00fcr die ganzj\u00e4hrige Nutzung. Erh\u00e4ltlich als Komplettl\u00f6sung oder als einsatzfertiges Paket. Sauna ist optional. Immer mehr Menschen entscheiden sich daf\u00fcr, ihre Wohnfl\u00e4che zu reduzieren, ohne dabei Abstriche beim Komfort machen zu m\u00fcssen.","og_url":"https:\/\/pinska.ee\/de\/modulhaeuser-auf-lager\/","og_site_name":"PINSKA","article_publisher":"https:\/\/www.facebook.com\/Pinskatootmine\/","article_modified_time":"2026-02-04T16:59:07+00:00","og_image":[{"width":1920,"height":1440,"url":"https:\/\/pinska.ee\/wp-content\/uploads\/2024\/11\/moodulmaja-M30-1.jpg","type":"image\/jpeg"}],"twitter_card":"summary_large_image","twitter_misc":{"Gesch\u00e4tzte Lesezeit":"1\u00a0Minute"},"schema":{"@context":"https:\/\/schema.org","@graph":[{"@type":"WebPage","@id":"https:\/\/pinska.ee\/de\/modulhaeuser-auf-lager\/","url":"https:\/\/pinska.ee\/de\/modulhaeuser-auf-lager\/","name":"Modulh\u00e4user auf lager - PINSKA","isPartOf":{"@id":"https:\/\/pinska.ee\/de\/#website"},"primaryImageOfPage":{"@id":"https:\/\/pinska.ee\/de\/modulhaeuser-auf-lager\/#primaryimage"},"image":{"@id":"https:\/\/pinska.ee\/de\/modulhaeuser-auf-lager\/#primaryimage"},"thumbnailUrl":"https:\/\/pinska.ee\/wp-content\/uploads\/2024\/11\/moodulmaja-M30-1-768x576.jpg","datePublished":"2024-11-05T12:43:26+00:00","dateModified":"2026-02-04T16:59:07+00:00","description":"Ein energieeffizientes Modulhaus f\u00fcr die ganzj\u00e4hrige Nutzung. Erh\u00e4ltlich als Komplettl\u00f6sung oder als einsatzfertiges Paket. Sauna ist optional. Immer mehr Menschen entscheiden sich daf\u00fcr, ihre Wohnfl\u00e4che zu reduzieren, ohne dabei Abstriche beim Komfort machen zu m\u00fcssen.","breadcrumb":{"@id":"https:\/\/pinska.ee\/de\/modulhaeuser-auf-lager\/#breadcrumb"},"inLanguage":"de","potentialAction":[{"@type":"ReadAction","target":["https:\/\/pinska.ee\/de\/modulhaeuser-auf-lager\/"]}]},{"@type":"ImageObject","inLanguage":"de","@id":"https:\/\/pinska.ee\/de\/modulhaeuser-auf-lager\/#primaryimage","url":"https:\/\/pinska.ee\/wp-content\/uploads\/2024\/11\/moodulmaja-M30-1-768x576.jpg","contentUrl":"https:\/\/pinska.ee\/wp-content\/uploads\/2024\/11\/moodulmaja-M30-1-768x576.jpg"},{"@type":"BreadcrumbList","@id":"https:\/\/pinska.ee\/de\/modulhaeuser-auf-lager\/#breadcrumb","itemListElement":[{"@type":"ListItem","position":1,"name":"Home","item":"https:\/\/pinska.ee\/de\/"},{"@type":"ListItem","position":2,"name":"Modulh\u00e4user auf lager"}]},{"@type":"WebSite","@id":"https:\/\/pinska.ee\/de\/#website","url":"https:\/\/pinska.ee\/de\/","name":"PINSKA","description":"","publisher":{"@id":"https:\/\/pinska.ee\/de\/#organization"},"potentialAction":[{"@type":"SearchAction","target":{"@type":"EntryPoint","urlTemplate":"https:\/\/pinska.ee\/de\/?s={search_term_string}"},"query-input":{"@type":"PropertyValueSpecification","valueRequired":true,"valueName":"search_term_string"}}],"inLanguage":"de"},{"@type":"Organization","@id":"https:\/\/pinska.ee\/de\/#organization","name":"Pinska","url":"https:\/\/pinska.ee\/de\/","logo":{"@type":"ImageObject","inLanguage":"de","@id":"https:\/\/pinska.ee\/de\/#\/schema\/logo\/image\/","url":"https:\/\/pinska.ee\/wp-content\/uploads\/2023\/03\/Pinska-logo.png","contentUrl":"https:\/\/pinska.ee\/wp-content\/uploads\/2023\/03\/Pinska-logo.png","width":300,"height":73,"caption":"Pinska"},"image":{"@id":"https:\/\/pinska.ee\/de\/#\/schema\/logo\/image\/"},"sameAs":["https:\/\/www.facebook.com\/Pinskatootmine\/","https:\/\/www.youtube.com\/channel\/UC-geSpTpk2RHCg1enVc1vsg","https:\/\/www.linkedin.com\/company\/pinska-o\u00fc\/"]}]}},"_links":{"self":[{"href":"https:\/\/pinska.ee\/de\/wp-json\/wp\/v2\/pages\/21271","targetHints":{"allow":["GET"]}}],"collection":[{"href":"https:\/\/pinska.ee\/de\/wp-json\/wp\/v2\/pages"}],"about":[{"href":"https:\/\/pinska.ee\/de\/wp-json\/wp\/v2\/types\/page"}],"author":[{"embeddable":true,"href":"https:\/\/pinska.ee\/de\/wp-json\/wp\/v2\/users\/1"}],"replies":[{"embeddable":true,"href":"https:\/\/pinska.ee\/de\/wp-json\/wp\/v2\/comments?post=21271"}],"version-history":[{"count":20,"href":"https:\/\/pinska.ee\/de\/wp-json\/wp\/v2\/pages\/21271\/revisions"}],"predecessor-version":[{"id":22602,"href":"https:\/\/pinska.ee\/de\/wp-json\/wp\/v2\/pages\/21271\/revisions\/22602"}],"wp:attachment":[{"href":"https:\/\/pinska.ee\/de\/wp-json\/wp\/v2\/media?parent=21271"}],"curies":[{"name":"wp","href":"https:\/\/api.w.org\/{rel}","templated":true}]}}