{"id":18919,"date":"2024-02-01T15:46:48","date_gmt":"2024-02-01T13:46:48","guid":{"rendered":"https:\/\/pinska.ee\/blog\/"},"modified":"2024-02-05T15:19:29","modified_gmt":"2024-02-05T13:19:29","slug":"blog","status":"publish","type":"page","link":"https:\/\/pinska.ee\/de\/blog\/","title":{"rendered":"Blog"},"content":{"rendered":"\t\t<div data-elementor-type=\"wp-page\" data-elementor-id=\"18919\" class=\"elementor elementor-18919 elementor-18883\" data-elementor-post-type=\"page\">\n\t\t\t\t\t\t<section class=\"elementor-section elementor-top-section elementor-element elementor-element-cb79d74 elementor-section-full_width elementor-section-height-min-height elementor-section-height-default elementor-section-items-middle\" data-id=\"cb79d74\" data-element_type=\"section\" data-e-type=\"section\" data-settings=\"{&quot;background_background&quot;:&quot;classic&quot;}\">\n\t\t\t\t\t\t\t<div class=\"elementor-background-overlay\"><\/div>\n\t\t\t\t\t\t\t<div class=\"elementor-container elementor-column-gap-default\">\n\t\t\t\t\t<div class=\"elementor-column elementor-col-100 elementor-top-column elementor-element elementor-element-ffa2f7a\" data-id=\"ffa2f7a\" data-element_type=\"column\" data-e-type=\"column\">\n\t\t\t<div class=\"elementor-widget-wrap elementor-element-populated\">\n\t\t\t\t\t\t<div class=\"elementor-element elementor-element-8e87940 elementor-widget elementor-widget-heading\" data-id=\"8e87940\" data-element_type=\"widget\" data-e-type=\"widget\" data-widget_type=\"heading.default\">\n\t\t\t\t<div class=\"elementor-widget-container\">\n\t\t\t\t\t<h1 class=\"elementor-heading-title elementor-size-default\">Blog<\/h1>\t\t\t\t<\/div>\n\t\t\t\t<\/div>\n\t\t\t\t\t<\/div>\n\t\t<\/div>\n\t\t\t\t\t<\/div>\n\t\t<\/section>\n\t\t\t\t<section class=\"elementor-section elementor-top-section elementor-element elementor-element-c46528e elementor-section-boxed elementor-section-height-default elementor-section-height-default\" data-id=\"c46528e\" data-element_type=\"section\" data-e-type=\"section\">\n\t\t\t\t\t\t<div class=\"elementor-container elementor-column-gap-default\">\n\t\t\t\t\t<div class=\"elementor-column elementor-col-100 elementor-top-column elementor-element elementor-element-2334db7\" data-id=\"2334db7\" data-element_type=\"column\" data-e-type=\"column\">\n\t\t\t<div class=\"elementor-widget-wrap elementor-element-populated\">\n\t\t\t\t\t\t<div class=\"elementor-element elementor-element-f85343b elementor-widget elementor-widget-pwrgrids_post_grid\" data-id=\"f85343b\" data-element_type=\"widget\" data-e-type=\"widget\" data-widget_type=\"pwrgrids_post_grid.default\">\n\t\t\t\t<div class=\"elementor-widget-container\">\n\t\t\t\t\t<div class=\"pwgd-post-grid  pwgd-post-grid-cols pwgd-1columns grid-style-style2 pwgd-post-grid-cols-grid\"><div class=\"pwgd-post-grid-content\"><div class=\"pwgd-post-grid-item-wrapper category_unkategorisiert\"><div class=\"pwgd-post-grid-item\"><div class=\"pwgd-post-grid-item-img-wrapper\"><a href=\"https:\/\/pinska.ee\/de\/erschliessung-von-geschaeftspotenzial-de-risking-einkauf-und-massivholzbauexpertise-aus-estland\/\" class=\"pwgd-post-grid-item-img-link\" style=\"background-image: url(https:\/\/pinska.ee\/wp-content\/uploads\/2024\/02\/pasted-image-0-1536x960-1.png)\" \/><img decoding=\"async\" src=\"https:\/\/pinska.ee\/wp-content\/uploads\/2024\/02\/pasted-image-0-1536x960-1.png\" \/><\/a><\/div><div class=\"pwgd-post-grid-item-content\"><div class=\"pwgd-post-grid-item-meta-wrapper\"><\/div><div class=\"pwgd-post-grid-item-title-wrapper\"><h3 class=\"pwgd-post-grid-item-title\"><a href=\"https:\/\/pinska.ee\/de\/erschliessung-von-geschaeftspotenzial-de-risking-einkauf-und-massivholzbauexpertise-aus-estland\/\" class=\"pwgd-post-grid-item-title-link\" \/>Erschlie\u00dfung von Gesch\u00e4ftspotenzial: De-Risking Einkauf und Massivholzbauexpertise aus Estland<\/a><\/h3><\/div><div class=\"pwgd-post-grid-item-text-wrapper\"><div class=\"pwgd-post-grid-item-text\">Pelgulinna State Gymnasium GLT by Pinska O\u00dc\t\t\n\t\tInnovative Komplettl\u00f6sungen aus Estland f\u00fcr Ingenieurholzbau sorgen f\u00fcr Standardisierung und Flexibilit\u00e4t in der Planung und Ausf\u00fchrung [\u2026]<\/div><\/div><\/div><\/div><\/div><\/div><div class=\"pwgd-post-grid-pagination\"><\/div><\/div>\t\t\t\t\t\t<\/div>\n\t\t\t\t<\/div>\n\t\t\t\t\t<\/div>\n\t\t<\/div>\n\t\t\t\t\t<\/div>\n\t\t<\/section>\n\t\t\t\t<\/div>\n\t\t","protected":false},"excerpt":{"rendered":"<p>Blog<\/p>\n","protected":false},"author":1,"featured_media":0,"parent":0,"menu_order":0,"comment_status":"closed","ping_status":"closed","template":"","meta":{"site-sidebar-layout":"default","site-content-layout":"page-builder","ast-site-content-layout":"full-width-container","site-content-style":"default","site-sidebar-style":"default","ast-global-header-display":"","ast-banner-title-visibility":"","ast-main-header-display":"","ast-hfb-above-header-display":"","ast-hfb-below-header-display":"","ast-hfb-mobile-header-display":"","site-post-title":"disabled","ast-breadcrumbs-content":"","ast-featured-img":"disabled","footer-sml-layout":"","ast-disable-related-posts":"","theme-transparent-header-meta":"","adv-header-id-meta":"","stick-header-meta":"","header-above-stick-meta":"","header-main-stick-meta":"","header-below-stick-meta":"","astra-migrate-meta-layouts":"set","ast-page-background-enabled":"default","ast-page-background-meta":{"desktop":{"background-color":"var(--ast-global-color-4)","background-image":"","background-repeat":"repeat","background-position":"center center","background-size":"auto","background-attachment":"scroll","background-type":"","background-media":"","overlay-type":"","overlay-color":"","overlay-opacity":"","overlay-gradient":""},"tablet":{"background-color":"","background-image":"","background-repeat":"repeat","background-position":"center center","background-size":"auto","background-attachment":"scroll","background-type":"","background-media":"","overlay-type":"","overlay-color":"","overlay-opacity":"","overlay-gradient":""},"mobile":{"background-color":"","background-image":"","background-repeat":"repeat","background-position":"center center","background-size":"auto","background-attachment":"scroll","background-type":"","background-media":"","overlay-type":"","overlay-color":"","overlay-opacity":"","overlay-gradient":""}},"ast-content-background-meta":{"desktop":{"background-color":"var(--ast-global-color-5)","background-image":"","background-repeat":"repeat","background-position":"center center","background-size":"auto","background-attachment":"scroll","background-type":"","background-media":"","overlay-type":"","overlay-color":"","overlay-opacity":"","overlay-gradient":""},"tablet":{"background-color":"var(--ast-global-color-5)","background-image":"","background-repeat":"repeat","background-position":"center center","background-size":"auto","background-attachment":"scroll","background-type":"","background-media":"","overlay-type":"","overlay-color":"","overlay-opacity":"","overlay-gradient":""},"mobile":{"background-color":"var(--ast-global-color-5)","background-image":"","background-repeat":"repeat","background-position":"center center","background-size":"auto","background-attachment":"scroll","background-type":"","background-media":"","overlay-type":"","overlay-color":"","overlay-opacity":"","overlay-gradient":""}},"footnotes":""},"class_list":["post-18919","page","type-page","status-publish","hentry"],"yoast_head":"<!-- This site is optimized with the Yoast SEO plugin v27.3 - https:\/\/yoast.com\/product\/yoast-seo-wordpress\/ -->\n<title>Blog - PINSKA<\/title>\n<meta name=\"description\" content=\"Blog\" \/>\n<meta name=\"robots\" content=\"index, follow, max-snippet:-1, max-image-preview:large, max-video-preview:-1\" \/>\n<link rel=\"canonical\" href=\"https:\/\/pinska.ee\/de\/blog\/\" \/>\n<meta property=\"og:locale\" content=\"de_DE\" \/>\n<meta property=\"og:type\" content=\"article\" \/>\n<meta property=\"og:title\" content=\"Blog - PINSKA\" \/>\n<meta property=\"og:description\" content=\"Blog\" \/>\n<meta property=\"og:url\" content=\"https:\/\/pinska.ee\/de\/blog\/\" \/>\n<meta property=\"og:site_name\" content=\"PINSKA\" \/>\n<meta property=\"article:publisher\" content=\"https:\/\/www.facebook.com\/Pinskatootmine\/\" \/>\n<meta property=\"article:modified_time\" content=\"2024-02-05T13:19:29+00:00\" \/>\n<meta name=\"twitter:card\" content=\"summary_large_image\" \/>\n<script type=\"application\/ld+json\" class=\"yoast-schema-graph\">{\"@context\":\"https:\\\/\\\/schema.org\",\"@graph\":[{\"@type\":\"WebPage\",\"@id\":\"https:\\\/\\\/pinska.ee\\\/de\\\/blog\\\/\",\"url\":\"https:\\\/\\\/pinska.ee\\\/de\\\/blog\\\/\",\"name\":\"Blog - PINSKA\",\"isPartOf\":{\"@id\":\"https:\\\/\\\/pinska.ee\\\/de\\\/#website\"},\"datePublished\":\"2024-02-01T13:46:48+00:00\",\"dateModified\":\"2024-02-05T13:19:29+00:00\",\"description\":\"Blog\",\"breadcrumb\":{\"@id\":\"https:\\\/\\\/pinska.ee\\\/de\\\/blog\\\/#breadcrumb\"},\"inLanguage\":\"de\",\"potentialAction\":[{\"@type\":\"ReadAction\",\"target\":[\"https:\\\/\\\/pinska.ee\\\/de\\\/blog\\\/\"]}]},{\"@type\":\"BreadcrumbList\",\"@id\":\"https:\\\/\\\/pinska.ee\\\/de\\\/blog\\\/#breadcrumb\",\"itemListElement\":[{\"@type\":\"ListItem\",\"position\":1,\"name\":\"Home\",\"item\":\"https:\\\/\\\/pinska.ee\\\/de\\\/\"},{\"@type\":\"ListItem\",\"position\":2,\"name\":\"Blog\"}]},{\"@type\":\"WebSite\",\"@id\":\"https:\\\/\\\/pinska.ee\\\/de\\\/#website\",\"url\":\"https:\\\/\\\/pinska.ee\\\/de\\\/\",\"name\":\"PINSKA\",\"description\":\"\",\"publisher\":{\"@id\":\"https:\\\/\\\/pinska.ee\\\/de\\\/#organization\"},\"potentialAction\":[{\"@type\":\"SearchAction\",\"target\":{\"@type\":\"EntryPoint\",\"urlTemplate\":\"https:\\\/\\\/pinska.ee\\\/de\\\/?s={search_term_string}\"},\"query-input\":{\"@type\":\"PropertyValueSpecification\",\"valueRequired\":true,\"valueName\":\"search_term_string\"}}],\"inLanguage\":\"de\"},{\"@type\":\"Organization\",\"@id\":\"https:\\\/\\\/pinska.ee\\\/de\\\/#organization\",\"name\":\"Pinska\",\"url\":\"https:\\\/\\\/pinska.ee\\\/de\\\/\",\"logo\":{\"@type\":\"ImageObject\",\"inLanguage\":\"de\",\"@id\":\"https:\\\/\\\/pinska.ee\\\/de\\\/#\\\/schema\\\/logo\\\/image\\\/\",\"url\":\"https:\\\/\\\/pinska.ee\\\/wp-content\\\/uploads\\\/2023\\\/03\\\/Pinska-logo.png\",\"contentUrl\":\"https:\\\/\\\/pinska.ee\\\/wp-content\\\/uploads\\\/2023\\\/03\\\/Pinska-logo.png\",\"width\":300,\"height\":73,\"caption\":\"Pinska\"},\"image\":{\"@id\":\"https:\\\/\\\/pinska.ee\\\/de\\\/#\\\/schema\\\/logo\\\/image\\\/\"},\"sameAs\":[\"https:\\\/\\\/www.facebook.com\\\/Pinskatootmine\\\/\",\"https:\\\/\\\/www.youtube.com\\\/channel\\\/UC-geSpTpk2RHCg1enVc1vsg\",\"https:\\\/\\\/www.linkedin.com\\\/company\\\/pinska-o\u00fc\\\/\"]}]}<\/script>\n<!-- \/ Yoast SEO plugin. -->","yoast_head_json":{"title":"Blog - PINSKA","description":"Blog","robots":{"index":"index","follow":"follow","max-snippet":"max-snippet:-1","max-image-preview":"max-image-preview:large","max-video-preview":"max-video-preview:-1"},"canonical":"https:\/\/pinska.ee\/de\/blog\/","og_locale":"de_DE","og_type":"article","og_title":"Blog - PINSKA","og_description":"Blog","og_url":"https:\/\/pinska.ee\/de\/blog\/","og_site_name":"PINSKA","article_publisher":"https:\/\/www.facebook.com\/Pinskatootmine\/","article_modified_time":"2024-02-05T13:19:29+00:00","twitter_card":"summary_large_image","schema":{"@context":"https:\/\/schema.org","@graph":[{"@type":"WebPage","@id":"https:\/\/pinska.ee\/de\/blog\/","url":"https:\/\/pinska.ee\/de\/blog\/","name":"Blog - PINSKA","isPartOf":{"@id":"https:\/\/pinska.ee\/de\/#website"},"datePublished":"2024-02-01T13:46:48+00:00","dateModified":"2024-02-05T13:19:29+00:00","description":"Blog","breadcrumb":{"@id":"https:\/\/pinska.ee\/de\/blog\/#breadcrumb"},"inLanguage":"de","potentialAction":[{"@type":"ReadAction","target":["https:\/\/pinska.ee\/de\/blog\/"]}]},{"@type":"BreadcrumbList","@id":"https:\/\/pinska.ee\/de\/blog\/#breadcrumb","itemListElement":[{"@type":"ListItem","position":1,"name":"Home","item":"https:\/\/pinska.ee\/de\/"},{"@type":"ListItem","position":2,"name":"Blog"}]},{"@type":"WebSite","@id":"https:\/\/pinska.ee\/de\/#website","url":"https:\/\/pinska.ee\/de\/","name":"PINSKA","description":"","publisher":{"@id":"https:\/\/pinska.ee\/de\/#organization"},"potentialAction":[{"@type":"SearchAction","target":{"@type":"EntryPoint","urlTemplate":"https:\/\/pinska.ee\/de\/?s={search_term_string}"},"query-input":{"@type":"PropertyValueSpecification","valueRequired":true,"valueName":"search_term_string"}}],"inLanguage":"de"},{"@type":"Organization","@id":"https:\/\/pinska.ee\/de\/#organization","name":"Pinska","url":"https:\/\/pinska.ee\/de\/","logo":{"@type":"ImageObject","inLanguage":"de","@id":"https:\/\/pinska.ee\/de\/#\/schema\/logo\/image\/","url":"https:\/\/pinska.ee\/wp-content\/uploads\/2023\/03\/Pinska-logo.png","contentUrl":"https:\/\/pinska.ee\/wp-content\/uploads\/2023\/03\/Pinska-logo.png","width":300,"height":73,"caption":"Pinska"},"image":{"@id":"https:\/\/pinska.ee\/de\/#\/schema\/logo\/image\/"},"sameAs":["https:\/\/www.facebook.com\/Pinskatootmine\/","https:\/\/www.youtube.com\/channel\/UC-geSpTpk2RHCg1enVc1vsg","https:\/\/www.linkedin.com\/company\/pinska-o\u00fc\/"]}]}},"_links":{"self":[{"href":"https:\/\/pinska.ee\/de\/wp-json\/wp\/v2\/pages\/18919","targetHints":{"allow":["GET"]}}],"collection":[{"href":"https:\/\/pinska.ee\/de\/wp-json\/wp\/v2\/pages"}],"about":[{"href":"https:\/\/pinska.ee\/de\/wp-json\/wp\/v2\/types\/page"}],"author":[{"embeddable":true,"href":"https:\/\/pinska.ee\/de\/wp-json\/wp\/v2\/users\/1"}],"replies":[{"embeddable":true,"href":"https:\/\/pinska.ee\/de\/wp-json\/wp\/v2\/comments?post=18919"}],"version-history":[{"count":3,"href":"https:\/\/pinska.ee\/de\/wp-json\/wp\/v2\/pages\/18919\/revisions"}],"predecessor-version":[{"id":19067,"href":"https:\/\/pinska.ee\/de\/wp-json\/wp\/v2\/pages\/18919\/revisions\/19067"}],"wp:attachment":[{"href":"https:\/\/pinska.ee\/de\/wp-json\/wp\/v2\/media?parent=18919"}],"curies":[{"name":"wp","href":"https:\/\/api.w.org\/{rel}","templated":true}]}}